{"id":17,"date":"2016-12-26T18:37:03","date_gmt":"2016-12-26T17:37:03","guid":{"rendered":"http:\/\/www.puli-brill.com\/public\/?page_id=17"},"modified":"2020-03-19T18:35:47","modified_gmt":"2020-03-19T17:35:47","slug":"home","status":"publish","type":"page","link":"https:\/\/www.puli-brill.com\/public\/","title":{"rendered":"Home"},"content":{"rendered":"\t\t<div data-elementor-type=\"wp-page\" data-elementor-id=\"17\" class=\"elementor elementor-17\">\n\t\t\t\t\t\t<section class=\"elementor-section elementor-top-section elementor-element elementor-element-59fc024 elementor-section-stretched elementor-section-full_width elementor-section-content-middle elementor-section-height-default elementor-section-height-default\" data-id=\"59fc024\" data-element_type=\"section\" data-settings=\"{&quot;stretch_section&quot;:&quot;section-stretched&quot;}\">\n\t\t\t\t\t\t<div class=\"elementor-container elementor-column-gap-no\">\n\t\t\t\t\t<div class=\"elementor-column elementor-col-100 elementor-top-column elementor-element elementor-element-8f68585\" data-id=\"8f68585\" data-element_type=\"column\">\n\t\t\t<div class=\"elementor-widget-wrap elementor-element-populated\">\n\t\t\t\t\t\t<div class=\"elementor-element elementor-element-505f285 elementor-widget elementor-widget-shortcode\" data-id=\"505f285\" data-element_type=\"widget\" data-widget_type=\"shortcode.default\">\n\t\t\t\t<div class=\"elementor-widget-container\">\n\t\t\t\t\t\t\t<div class=\"elementor-shortcode\"><div id=\"metaslider-id-226\" style=\"width: 100%;\" class=\"ml-slider-3-104-0 metaslider metaslider-flex metaslider-226 ml-slider has-dots-nav ms-theme-default\" role=\"region\" aria-label=\"Home Slider\" data-height=\"500\" data-width=\"1400\">\n    <div id=\"metaslider_container_226\">\n        <div id=\"metaslider_226\">\n            <ul class='slides'>\n                <li style=\"display: block; width: 100%;\" class=\"slide-229 ms-image \" aria-roledescription=\"slide\" data-date=\"2020-03-10 11:34:51\" data-filename=\"pulizie-uffici-milano.jpg\" data-slide-type=\"image\"><img fetchpriority=\"high\" decoding=\"async\" src=\"https:\/\/www.puli-brill.com\/public\/wp-content\/uploads\/2017\/01\/pulizie-uffici-milano.jpg\" height=\"500\" width=\"1400\" alt=\"Pulizie uffici Milano\" class=\"slider-226 slide-229 msDefaultImage\" title=\"pulizie-uffici-milano\" \/><\/li>\n                <li style=\"display: none; width: 100%;\" class=\"slide-227 ms-image \" aria-roledescription=\"slide\" data-date=\"2020-03-10 11:34:51\" data-filename=\"impresa-di-pulizie-milano.jpg\" data-slide-type=\"image\"><img decoding=\"async\" src=\"https:\/\/www.puli-brill.com\/public\/wp-content\/uploads\/2017\/01\/impresa-di-pulizie-milano.jpg\" height=\"500\" width=\"1400\" alt=\"Impresa di pulizie Milano\" class=\"slider-226 slide-227 msDefaultImage\" title=\"impresa-di-pulizie-milano\" \/><\/li>\n                <li style=\"display: none; width: 100%;\" class=\"slide-228 ms-image \" aria-roledescription=\"slide\" data-date=\"2020-03-10 11:34:51\" data-filename=\"pulizie-industriali-milano.jpg\" data-slide-type=\"image\"><img decoding=\"async\" src=\"https:\/\/www.puli-brill.com\/public\/wp-content\/uploads\/2017\/01\/pulizie-industriali-milano.jpg\" height=\"500\" width=\"1400\" alt=\"Pulizie industriali Milano\" class=\"slider-226 slide-228 msDefaultImage\" title=\"pulizie-industriali-milano\" \/><\/li>\n            <\/ul>\n        <\/div>\n        \n    <\/div>\n<\/div><\/div>\n\t\t\t\t\t\t<\/div>\n\t\t\t\t<\/div>\n\t\t\t\t\t<\/div>\n\t\t<\/div>\n\t\t\t\t\t<\/div>\n\t\t<\/section>\n\t\t\t\t<section class=\"elementor-section elementor-top-section elementor-element elementor-element-57423b4 elementor-section-boxed elementor-section-height-default elementor-section-height-default\" data-id=\"57423b4\" data-element_type=\"section\">\n\t\t\t\t\t\t<div class=\"elementor-container elementor-column-gap-default\">\n\t\t\t\t\t<div class=\"elementor-column elementor-col-100 elementor-top-column elementor-element elementor-element-6448060\" data-id=\"6448060\" data-element_type=\"column\">\n\t\t\t<div class=\"elementor-widget-wrap elementor-element-populated\">\n\t\t\t\t\t\t<div class=\"elementor-element elementor-element-34743d3 elementor-widget elementor-widget-heading\" data-id=\"34743d3\" data-element_type=\"widget\" data-widget_type=\"heading.default\">\n\t\t\t\t<div class=\"elementor-widget-container\">\n\t\t\t\t\t<h2 class=\"elementor-heading-title elementor-size-default\">IMPRESA DI PULIZIE MILANO<\/h2>\t\t\t\t<\/div>\n\t\t\t\t<\/div>\n\t\t\t\t\t<\/div>\n\t\t<\/div>\n\t\t\t\t\t<\/div>\n\t\t<\/section>\n\t\t\t\t<section class=\"elementor-section elementor-top-section elementor-element elementor-element-555948a7 elementor-section-boxed elementor-section-height-default elementor-section-height-default\" data-id=\"555948a7\" data-element_type=\"section\">\n\t\t\t\t\t\t<div class=\"elementor-container elementor-column-gap-default\">\n\t\t\t\t\t<div class=\"elementor-column elementor-col-100 elementor-top-column elementor-element elementor-element-7f1cfd1c\" data-id=\"7f1cfd1c\" data-element_type=\"column\">\n\t\t\t<div class=\"elementor-widget-wrap elementor-element-populated\">\n\t\t\t\t\t\t<div class=\"elementor-element elementor-element-2b71e972 elementor-widget elementor-widget-text-editor\" data-id=\"2b71e972\" data-element_type=\"widget\" data-widget_type=\"text-editor.default\">\n\t\t\t\t<div class=\"elementor-widget-container\">\n\t\t\t\t\t\t\t\t\t<p>Da quasi\u00a0<strong>20 anni<\/strong>, Puli Bril, impresa di pulizie a Milano offre\u00a0<strong>servizi di pulizia altamente professionali<\/strong>\u00a0per Aziende, uffici, negozi, studi professionali, studi medici, poliambulatori, capannoni, condomini e non ultimi servizi per privati .<\/p><p>Puli Bril, oltre ai servizi di pulizie \u00e8 in grado di offrire interventi particolari come l\u2019igienizzazione e la disinfezione profonda di ambienti tramite ozonizzazione avvalendosi di apposite apparecchiature, trattamenti per pavimenti (cristallizzazione e lucidatura) e trattamenti di igienizzazione e sanificazione moquette.<\/p><p>Ai nostri clienti offriamo:<\/p><p><strong>PROFESSIONALITA\u2019<\/strong><\/p><p>Il personale impiegato \u00e8 istruito e formato circa il corretto utilizzo dei prodotti e delle attrezzature utilizzate ed a\u00a0<strong>garanzia del lavoro<\/strong>\u00a0svolto i nostri responsabili controllano periodicamente che l\u2019esecuzione dei lavori avvenga in modo ottimale.<\/p><p>Tutto il nostro\u00a0<strong>personale \u00e8 qualificato, preciso e puntuale,<\/strong>\u00a0ed \u00e8 in grado di eseguire qualsiasi tipo di lavoro concordato nel pieno rispetto delle norme vigenti.<\/p><p><strong>QUALITA\u2019<\/strong><\/p><p>Per l\u2019esecuzione delle pulizie\u00a0<strong>utilizziamo i migliori materiali e le migliori attrezzature del mercato<\/strong>, di cui possiamo fornire tutte le caratteristiche e le schede tecniche.<\/p><p>La Puli Bril garantisce l\u2019esecuzione lavori nel\u00a0<strong>rispetto delle normative vigenti in merito alla prevenzione e ai fattori di rischio\u00a0<\/strong>(D.Lgs. 81\/2008), nell\u2019ambito delle pulizie ambientali.<\/p><p><strong>CONVENIENZA<\/strong><\/p><p>Puli Bril si propone come partner fidato a 360\u00b0, \u00a0in grado di soddisfare tutte le esigenze dei propri clienti, grandi e piccoli, in modo mirato e puntuale,\u00a0<strong>a prezzi altamente concorrenziali<\/strong>.<\/p><p>Oggi l\u2019ambiente di lavoro \u00e8 il luogo dove trascorriamo buona parte della nostra giornata, motivo per cui \u00e8 molto importante curarne la pulizia. Per potervi concentrare sul lavoro e stare tranquilli la soluzione ottimale \u00e8 rivolgersi a dei professionisti.<\/p><p>Se cerchi un partner affidabile e professionale rivolgiti con fiducia a noi, avrai un servizio di qualit\u00e0 al giusto prezzo.<\/p><p>Se interessati quindi Vi invitiamo a\u00a0<a href=\"http:\/\/www.puli-brill.com\/public\/contatti\/\">contattarci<\/a>\u00a0telefonicamente o via email, o a richiedere un\u00a0<strong>preventivo<\/strong>\u00a0direttamente dal sito\u00a0<strong>completamente gratuito.<\/strong><\/p>\t\t\t\t\t\t\t\t<\/div>\n\t\t\t\t<\/div>\n\t\t\t\t\t<\/div>\n\t\t<\/div>\n\t\t\t\t\t<\/div>\n\t\t<\/section>\n\t\t\t\t<section class=\"elementor-section elementor-top-section elementor-element elementor-element-6cd5f8c elementor-section-boxed elementor-section-height-default elementor-section-height-default\" data-id=\"6cd5f8c\" data-element_type=\"section\">\n\t\t\t\t\t\t<div class=\"elementor-container elementor-column-gap-default\">\n\t\t\t\t\t<div class=\"elementor-column elementor-col-100 elementor-top-column elementor-element elementor-element-0bc887a\" data-id=\"0bc887a\" data-element_type=\"column\">\n\t\t\t<div class=\"elementor-widget-wrap elementor-element-populated\">\n\t\t\t\t\t\t<div class=\"elementor-element elementor-element-fd79d95 elementor-align-center elementor-widget elementor-widget-button\" data-id=\"fd79d95\" data-element_type=\"widget\" data-widget_type=\"button.default\">\n\t\t\t\t<div class=\"elementor-widget-container\">\n\t\t\t\t\t\t\t\t\t<div class=\"elementor-button-wrapper\">\n\t\t\t\t\t<a class=\"elementor-button elementor-button-link elementor-size-sm\" href=\"https:\/\/www.puli-brill.com\/public\/preventivo\">\n\t\t\t\t\t\t<span class=\"elementor-button-content-wrapper\">\n\t\t\t\t\t\t\t\t\t<span class=\"elementor-button-text\">PREVENTIVO GRATUITO<\/span>\n\t\t\t\t\t<\/span>\n\t\t\t\t\t<\/a>\n\t\t\t\t<\/div>\n\t\t\t\t\t\t\t\t<\/div>\n\t\t\t\t<\/div>\n\t\t\t\t\t<\/div>\n\t\t<\/div>\n\t\t\t\t\t<\/div>\n\t\t<\/section>\n\t\t\t\t<section class=\"elementor-section elementor-top-section elementor-element elementor-element-7abb8a2 elementor-section-boxed elementor-section-height-default elementor-section-height-default\" data-id=\"7abb8a2\" data-element_type=\"section\">\n\t\t\t\t\t\t<div class=\"elementor-container elementor-column-gap-default\">\n\t\t\t\t\t<div class=\"elementor-column elementor-col-25 elementor-top-column elementor-element elementor-element-2971d22\" data-id=\"2971d22\" data-element_type=\"column\">\n\t\t\t<div class=\"elementor-widget-wrap elementor-element-populated\">\n\t\t\t\t\t\t<div class=\"elementor-element elementor-element-19afe50 elementor-widget elementor-widget-heading\" data-id=\"19afe50\" data-element_type=\"widget\" data-widget_type=\"heading.default\">\n\t\t\t\t<div class=\"elementor-widget-container\">\n\t\t\t\t\t<h3 class=\"elementor-heading-title elementor-size-default\">PULIZIE\nUFFICI<\/h3>\t\t\t\t<\/div>\n\t\t\t\t<\/div>\n\t\t\t\t<div class=\"elementor-element elementor-element-c502b46 elementor-widget elementor-widget-image\" data-id=\"c502b46\" data-element_type=\"widget\" data-widget_type=\"image.default\">\n\t\t\t\t<div class=\"elementor-widget-container\">\n\t\t\t\t\t\t\t\t\t\t\t\t\t\t\t<img loading=\"lazy\" decoding=\"async\" width=\"425\" height=\"284\" src=\"https:\/\/www.puli-brill.com\/public\/wp-content\/uploads\/2017\/01\/pulizie-uffici.jpg\" class=\"attachment-large size-large wp-image-95\" alt=\"Pulizie uffici Milano\" srcset=\"https:\/\/www.puli-brill.com\/public\/wp-content\/uploads\/2017\/01\/pulizie-uffici.jpg 425w, https:\/\/www.puli-brill.com\/public\/wp-content\/uploads\/2017\/01\/pulizie-uffici-300x200.jpg 300w, https:\/\/www.puli-brill.com\/public\/wp-content\/uploads\/2017\/01\/pulizie-uffici-272x182.jpg 272w\" sizes=\"(max-width: 425px) 100vw, 425px\" \/>\t\t\t\t\t\t\t\t\t\t\t\t\t\t\t<\/div>\n\t\t\t\t<\/div>\n\t\t\t\t\t<\/div>\n\t\t<\/div>\n\t\t\t\t<div class=\"elementor-column elementor-col-25 elementor-top-column elementor-element elementor-element-11631c7\" data-id=\"11631c7\" data-element_type=\"column\">\n\t\t\t<div class=\"elementor-widget-wrap elementor-element-populated\">\n\t\t\t\t\t\t<div class=\"elementor-element elementor-element-6bf5bdc elementor-widget elementor-widget-heading\" data-id=\"6bf5bdc\" data-element_type=\"widget\" data-widget_type=\"heading.default\">\n\t\t\t\t<div class=\"elementor-widget-container\">\n\t\t\t\t\t<h3 class=\"elementor-heading-title elementor-size-default\">PULIZIE\nINDUSTRIALI<\/h3>\t\t\t\t<\/div>\n\t\t\t\t<\/div>\n\t\t\t\t<div class=\"elementor-element elementor-element-964b329 elementor-widget elementor-widget-image\" data-id=\"964b329\" data-element_type=\"widget\" data-widget_type=\"image.default\">\n\t\t\t\t<div class=\"elementor-widget-container\">\n\t\t\t\t\t\t\t\t\t\t\t\t\t\t\t<img loading=\"lazy\" decoding=\"async\" width=\"425\" height=\"284\" src=\"https:\/\/www.puli-brill.com\/public\/wp-content\/uploads\/2017\/01\/pulizie-industriali.jpg\" class=\"attachment-large size-large wp-image-94\" alt=\"Pulizie industriali Milano\" srcset=\"https:\/\/www.puli-brill.com\/public\/wp-content\/uploads\/2017\/01\/pulizie-industriali.jpg 425w, https:\/\/www.puli-brill.com\/public\/wp-content\/uploads\/2017\/01\/pulizie-industriali-300x200.jpg 300w, https:\/\/www.puli-brill.com\/public\/wp-content\/uploads\/2017\/01\/pulizie-industriali-272x182.jpg 272w\" sizes=\"(max-width: 425px) 100vw, 425px\" \/>\t\t\t\t\t\t\t\t\t\t\t\t\t\t\t<\/div>\n\t\t\t\t<\/div>\n\t\t\t\t\t<\/div>\n\t\t<\/div>\n\t\t\t\t<div class=\"elementor-column elementor-col-25 elementor-top-column elementor-element elementor-element-7762025\" data-id=\"7762025\" data-element_type=\"column\">\n\t\t\t<div class=\"elementor-widget-wrap elementor-element-populated\">\n\t\t\t\t\t\t<div class=\"elementor-element elementor-element-93dd4c3 elementor-widget elementor-widget-heading\" data-id=\"93dd4c3\" data-element_type=\"widget\" data-widget_type=\"heading.default\">\n\t\t\t\t<div class=\"elementor-widget-container\">\n\t\t\t\t\t<h3 class=\"elementor-heading-title elementor-size-default\">PULIZIE CIVILI<\/h3>\t\t\t\t<\/div>\n\t\t\t\t<\/div>\n\t\t\t\t<div class=\"elementor-element elementor-element-6bb752d elementor-widget elementor-widget-image\" data-id=\"6bb752d\" data-element_type=\"widget\" data-widget_type=\"image.default\">\n\t\t\t\t<div class=\"elementor-widget-container\">\n\t\t\t\t\t\t\t\t\t\t\t\t\t\t\t<img loading=\"lazy\" decoding=\"async\" width=\"425\" height=\"284\" src=\"https:\/\/www.puli-brill.com\/public\/wp-content\/uploads\/2020\/03\/pulizie-casa.jpg\" class=\"attachment-large size-large wp-image-316\" alt=\"pulizie casa\" srcset=\"https:\/\/www.puli-brill.com\/public\/wp-content\/uploads\/2020\/03\/pulizie-casa.jpg 425w, https:\/\/www.puli-brill.com\/public\/wp-content\/uploads\/2020\/03\/pulizie-casa-300x200.jpg 300w\" sizes=\"(max-width: 425px) 100vw, 425px\" \/>\t\t\t\t\t\t\t\t\t\t\t\t\t\t\t<\/div>\n\t\t\t\t<\/div>\n\t\t\t\t\t<\/div>\n\t\t<\/div>\n\t\t\t\t<div class=\"elementor-column elementor-col-25 elementor-top-column elementor-element elementor-element-a8e7b30\" data-id=\"a8e7b30\" data-element_type=\"column\">\n\t\t\t<div class=\"elementor-widget-wrap elementor-element-populated\">\n\t\t\t\t\t\t<div class=\"elementor-element elementor-element-b07594c elementor-widget elementor-widget-heading\" data-id=\"b07594c\" data-element_type=\"widget\" data-widget_type=\"heading.default\">\n\t\t\t\t<div class=\"elementor-widget-container\">\n\t\t\t\t\t<h3 class=\"elementor-heading-title elementor-size-default\">SGOMBERO CANTINE<\/h3>\t\t\t\t<\/div>\n\t\t\t\t<\/div>\n\t\t\t\t<div class=\"elementor-element elementor-element-7f4ab4f elementor-widget elementor-widget-image\" data-id=\"7f4ab4f\" data-element_type=\"widget\" data-widget_type=\"image.default\">\n\t\t\t\t<div class=\"elementor-widget-container\">\n\t\t\t\t\t\t\t\t\t\t\t\t\t\t\t<img loading=\"lazy\" decoding=\"async\" width=\"425\" height=\"284\" src=\"https:\/\/www.puli-brill.com\/public\/wp-content\/uploads\/2017\/01\/sgombero-cantine.jpg\" class=\"attachment-large size-large wp-image-96\" alt=\"Sgombero cantine Milano\" srcset=\"https:\/\/www.puli-brill.com\/public\/wp-content\/uploads\/2017\/01\/sgombero-cantine.jpg 425w, https:\/\/www.puli-brill.com\/public\/wp-content\/uploads\/2017\/01\/sgombero-cantine-300x200.jpg 300w, https:\/\/www.puli-brill.com\/public\/wp-content\/uploads\/2017\/01\/sgombero-cantine-272x182.jpg 272w\" sizes=\"(max-width: 425px) 100vw, 425px\" \/>\t\t\t\t\t\t\t\t\t\t\t\t\t\t\t<\/div>\n\t\t\t\t<\/div>\n\t\t\t\t\t<\/div>\n\t\t<\/div>\n\t\t\t\t\t<\/div>\n\t\t<\/section>\n\t\t\t\t<\/div>\n\t\t","protected":false},"excerpt":{"rendered":"<p>IMPRESA DI PULIZIE MILANO Da quasi\u00a020 anni, Puli Bril, impresa di pulizie a Milano offre\u00a0servizi di pulizia altamente professionali\u00a0per Aziende, uffici, negozi, studi professionali, studi medici, poliambulatori, capannoni, condomini e non ultimi servizi per privati . Puli Bril, oltre ai servizi di pulizie \u00e8 in grado di offrire interventi particolari come l\u2019igienizzazione e la disinfezione [&hellip;]<\/p>\n","protected":false},"author":1,"featured_media":0,"parent":0,"menu_order":0,"comment_status":"closed","ping_status":"closed","template":"pb-page.php","meta":{"footnotes":""},"class_list":["post-17","page","type-page","status-publish","czr-hentry"],"yoast_head":"<!-- This site is optimized with the Yoast SEO plugin v26.7 - https:\/\/yoast.com\/wordpress\/plugins\/seo\/ -->\r\n<title>Impresa di pulizie Milano | Pulizie uffici Milano | Pulizie condominiali<\/title>\r\n<meta name=\"description\" content=\"Impresa di pulizie a Milano che si occupa di pulizie uffici, pulizie industriali, pulizie condominiali, sgombero cantine, a prezzi concorrenziali.\" \/>\r\n<meta name=\"robots\" content=\"index, follow, max-snippet:-1, max-image-preview:large, max-video-preview:-1\" \/>\r\n<link rel=\"canonical\" href=\"https:\/\/www.puli-brill.com\/public\/\" \/>\r\n<meta property=\"og:locale\" content=\"it_IT\" \/>\r\n<meta property=\"og:type\" content=\"article\" \/>\r\n<meta property=\"og:title\" content=\"Impresa di pulizie Milano | Pulizie uffici Milano | Pulizie condominiali\" \/>\r\n<meta property=\"og:description\" content=\"Impresa di pulizie a Milano che si occupa di pulizie uffici, pulizie industriali, pulizie condominiali, sgombero cantine, a prezzi concorrenziali.\" \/>\r\n<meta property=\"og:url\" content=\"https:\/\/www.puli-brill.com\/public\/\" \/>\r\n<meta property=\"og:site_name\" content=\"Puli Bril Srls - Impresa Pulizie Milano\" \/>\r\n<meta property=\"article:modified_time\" content=\"2020-03-19T17:35:47+00:00\" \/>\r\n<meta property=\"og:image\" content=\"https:\/\/www.puli-brill.com\/public\/wp-content\/uploads\/2017\/01\/pulizie-uffici.jpg\" \/>\r\n<meta name=\"twitter:card\" content=\"summary_large_image\" \/>\r\n<meta name=\"twitter:label1\" content=\"Tempo di lettura stimato\" \/>\n\t<meta name=\"twitter:data1\" content=\"2 minuti\" \/>\r\n<script type=\"application\/ld+json\" class=\"yoast-schema-graph\">{\"@context\":\"https:\/\/schema.org\",\"@graph\":[{\"@type\":\"WebPage\",\"@id\":\"https:\/\/www.puli-brill.com\/public\/\",\"url\":\"https:\/\/www.puli-brill.com\/public\/\",\"name\":\"Impresa di pulizie Milano | Pulizie uffici Milano | Pulizie condominiali\",\"isPartOf\":{\"@id\":\"https:\/\/www.puli-brill.com\/public\/#website\"},\"primaryImageOfPage\":{\"@id\":\"https:\/\/www.puli-brill.com\/public\/#primaryimage\"},\"image\":{\"@id\":\"https:\/\/www.puli-brill.com\/public\/#primaryimage\"},\"thumbnailUrl\":\"https:\/\/www.puli-brill.com\/public\/wp-content\/uploads\/2017\/01\/pulizie-uffici.jpg\",\"datePublished\":\"2016-12-26T17:37:03+00:00\",\"dateModified\":\"2020-03-19T17:35:47+00:00\",\"description\":\"Impresa di pulizie a Milano che si occupa di pulizie uffici, pulizie industriali, pulizie condominiali, sgombero cantine, a prezzi concorrenziali.\",\"breadcrumb\":{\"@id\":\"https:\/\/www.puli-brill.com\/public\/#breadcrumb\"},\"inLanguage\":\"it-IT\",\"potentialAction\":[{\"@type\":\"ReadAction\",\"target\":[\"https:\/\/www.puli-brill.com\/public\/\"]}]},{\"@type\":\"ImageObject\",\"inLanguage\":\"it-IT\",\"@id\":\"https:\/\/www.puli-brill.com\/public\/#primaryimage\",\"url\":\"https:\/\/www.puli-brill.com\/public\/wp-content\/uploads\/2017\/01\/pulizie-uffici.jpg\",\"contentUrl\":\"https:\/\/www.puli-brill.com\/public\/wp-content\/uploads\/2017\/01\/pulizie-uffici.jpg\",\"width\":425,\"height\":284,\"caption\":\"Pulizie uffici Milano\"},{\"@type\":\"BreadcrumbList\",\"@id\":\"https:\/\/www.puli-brill.com\/public\/#breadcrumb\",\"itemListElement\":[{\"@type\":\"ListItem\",\"position\":1,\"name\":\"Home\",\"item\":\"https:\/\/www.puli-brill.com\/public\/\"},{\"@type\":\"ListItem\",\"position\":2,\"name\":\"Home\"}]},{\"@type\":\"WebSite\",\"@id\":\"https:\/\/www.puli-brill.com\/public\/#website\",\"url\":\"https:\/\/www.puli-brill.com\/public\/\",\"name\":\"Puli Bril Srls - Impresa Pulizie Milano\",\"description\":\"\",\"publisher\":{\"@id\":\"https:\/\/www.puli-brill.com\/public\/#organization\"},\"potentialAction\":[{\"@type\":\"SearchAction\",\"target\":{\"@type\":\"EntryPoint\",\"urlTemplate\":\"https:\/\/www.puli-brill.com\/public\/?s={search_term_string}\"},\"query-input\":{\"@type\":\"PropertyValueSpecification\",\"valueRequired\":true,\"valueName\":\"search_term_string\"}}],\"inLanguage\":\"it-IT\"},{\"@type\":\"Organization\",\"@id\":\"https:\/\/www.puli-brill.com\/public\/#organization\",\"name\":\"Puli Bril Srls - Impresa Pulizie Milano\",\"url\":\"https:\/\/www.puli-brill.com\/public\/\",\"logo\":{\"@type\":\"ImageObject\",\"inLanguage\":\"it-IT\",\"@id\":\"https:\/\/www.puli-brill.com\/public\/#\/schema\/logo\/image\/\",\"url\":\"https:\/\/www.puli-brill.com\/public\/wp-content\/uploads\/2020\/03\/impresa-di-pulizie-milano-puli-bril.jpg\",\"contentUrl\":\"https:\/\/www.puli-brill.com\/public\/wp-content\/uploads\/2020\/03\/impresa-di-pulizie-milano-puli-bril.jpg\",\"width\":240,\"height\":80,\"caption\":\"Puli Bril Srls - Impresa Pulizie Milano\"},\"image\":{\"@id\":\"https:\/\/www.puli-brill.com\/public\/#\/schema\/logo\/image\/\"}}]}<\/script>\r\n<!-- \/ Yoast SEO plugin. -->","yoast_head_json":{"title":"Impresa di pulizie Milano | Pulizie uffici Milano | Pulizie condominiali","description":"Impresa di pulizie a Milano che si occupa di pulizie uffici, pulizie industriali, pulizie condominiali, sgombero cantine, a prezzi concorrenziali.","robots":{"index":"index","follow":"follow","max-snippet":"max-snippet:-1","max-image-preview":"max-image-preview:large","max-video-preview":"max-video-preview:-1"},"canonical":"https:\/\/www.puli-brill.com\/public\/","og_locale":"it_IT","og_type":"article","og_title":"Impresa di pulizie Milano | Pulizie uffici Milano | Pulizie condominiali","og_description":"Impresa di pulizie a Milano che si occupa di pulizie uffici, pulizie industriali, pulizie condominiali, sgombero cantine, a prezzi concorrenziali.","og_url":"https:\/\/www.puli-brill.com\/public\/","og_site_name":"Puli Bril Srls - Impresa Pulizie Milano","article_modified_time":"2020-03-19T17:35:47+00:00","og_image":[{"url":"https:\/\/www.puli-brill.com\/public\/wp-content\/uploads\/2017\/01\/pulizie-uffici.jpg","type":"","width":"","height":""}],"twitter_card":"summary_large_image","twitter_misc":{"Tempo di lettura stimato":"2 minuti"},"schema":{"@context":"https:\/\/schema.org","@graph":[{"@type":"WebPage","@id":"https:\/\/www.puli-brill.com\/public\/","url":"https:\/\/www.puli-brill.com\/public\/","name":"Impresa di pulizie Milano | Pulizie uffici Milano | Pulizie condominiali","isPartOf":{"@id":"https:\/\/www.puli-brill.com\/public\/#website"},"primaryImageOfPage":{"@id":"https:\/\/www.puli-brill.com\/public\/#primaryimage"},"image":{"@id":"https:\/\/www.puli-brill.com\/public\/#primaryimage"},"thumbnailUrl":"https:\/\/www.puli-brill.com\/public\/wp-content\/uploads\/2017\/01\/pulizie-uffici.jpg","datePublished":"2016-12-26T17:37:03+00:00","dateModified":"2020-03-19T17:35:47+00:00","description":"Impresa di pulizie a Milano che si occupa di pulizie uffici, pulizie industriali, pulizie condominiali, sgombero cantine, a prezzi concorrenziali.","breadcrumb":{"@id":"https:\/\/www.puli-brill.com\/public\/#breadcrumb"},"inLanguage":"it-IT","potentialAction":[{"@type":"ReadAction","target":["https:\/\/www.puli-brill.com\/public\/"]}]},{"@type":"ImageObject","inLanguage":"it-IT","@id":"https:\/\/www.puli-brill.com\/public\/#primaryimage","url":"https:\/\/www.puli-brill.com\/public\/wp-content\/uploads\/2017\/01\/pulizie-uffici.jpg","contentUrl":"https:\/\/www.puli-brill.com\/public\/wp-content\/uploads\/2017\/01\/pulizie-uffici.jpg","width":425,"height":284,"caption":"Pulizie uffici Milano"},{"@type":"BreadcrumbList","@id":"https:\/\/www.puli-brill.com\/public\/#breadcrumb","itemListElement":[{"@type":"ListItem","position":1,"name":"Home","item":"https:\/\/www.puli-brill.com\/public\/"},{"@type":"ListItem","position":2,"name":"Home"}]},{"@type":"WebSite","@id":"https:\/\/www.puli-brill.com\/public\/#website","url":"https:\/\/www.puli-brill.com\/public\/","name":"Puli Bril Srls - Impresa Pulizie Milano","description":"","publisher":{"@id":"https:\/\/www.puli-brill.com\/public\/#organization"},"potentialAction":[{"@type":"SearchAction","target":{"@type":"EntryPoint","urlTemplate":"https:\/\/www.puli-brill.com\/public\/?s={search_term_string}"},"query-input":{"@type":"PropertyValueSpecification","valueRequired":true,"valueName":"search_term_string"}}],"inLanguage":"it-IT"},{"@type":"Organization","@id":"https:\/\/www.puli-brill.com\/public\/#organization","name":"Puli Bril Srls - Impresa Pulizie Milano","url":"https:\/\/www.puli-brill.com\/public\/","logo":{"@type":"ImageObject","inLanguage":"it-IT","@id":"https:\/\/www.puli-brill.com\/public\/#\/schema\/logo\/image\/","url":"https:\/\/www.puli-brill.com\/public\/wp-content\/uploads\/2020\/03\/impresa-di-pulizie-milano-puli-bril.jpg","contentUrl":"https:\/\/www.puli-brill.com\/public\/wp-content\/uploads\/2020\/03\/impresa-di-pulizie-milano-puli-bril.jpg","width":240,"height":80,"caption":"Puli Bril Srls - Impresa Pulizie Milano"},"image":{"@id":"https:\/\/www.puli-brill.com\/public\/#\/schema\/logo\/image\/"}}]}},"_links":{"self":[{"href":"https:\/\/www.puli-brill.com\/public\/wp-json\/wp\/v2\/pages\/17","targetHints":{"allow":["GET"]}}],"collection":[{"href":"https:\/\/www.puli-brill.com\/public\/wp-json\/wp\/v2\/pages"}],"about":[{"href":"https:\/\/www.puli-brill.com\/public\/wp-json\/wp\/v2\/types\/page"}],"author":[{"embeddable":true,"href":"https:\/\/www.puli-brill.com\/public\/wp-json\/wp\/v2\/users\/1"}],"replies":[{"embeddable":true,"href":"https:\/\/www.puli-brill.com\/public\/wp-json\/wp\/v2\/comments?post=17"}],"version-history":[{"count":45,"href":"https:\/\/www.puli-brill.com\/public\/wp-json\/wp\/v2\/pages\/17\/revisions"}],"predecessor-version":[{"id":339,"href":"https:\/\/www.puli-brill.com\/public\/wp-json\/wp\/v2\/pages\/17\/revisions\/339"}],"wp:attachment":[{"href":"https:\/\/www.puli-brill.com\/public\/wp-json\/wp\/v2\/media?parent=17"}],"curies":[{"name":"wp","href":"https:\/\/api.w.org\/{rel}","templated":true}]}}